{"id":1351,"date":"2023-07-29T08:52:42","date_gmt":"2023-07-29T08:52:42","guid":{"rendered":"https:\/\/nysida.beliva.se\/?page_id=1351"},"modified":"2023-08-25T09:55:42","modified_gmt":"2023-08-25T09:55:42","slug":"om-beliva","status":"publish","type":"page","link":"https:\/\/nysida.beliva.se\/en\/om-beliva\/","title":{"rendered":"About Beliva"},"content":{"rendered":"<div data-elementor-type=\"wp-page\" data-elementor-id=\"1351\" class=\"elementor elementor-1351\" data-elementor-post-type=\"page\">\n\t\t\t\t\t\t<section class=\"elementor-section elementor-top-section elementor-element elementor-element-361a567a elementor-section-full_width elementor-section-height-min-height elementor-section-items-stretch elementor-section-content-bottom elementor-section-height-default\" data-id=\"361a567a\" data-element_type=\"section\" data-e-type=\"section\">\n\t\t\t\t\t\t<div class=\"elementor-container elementor-column-gap-no\">\n\t\t\t\t\t<div class=\"elementor-column elementor-col-100 elementor-top-column elementor-element elementor-element-390d90a\" data-id=\"390d90a\" data-element_type=\"column\" data-e-type=\"column\" data-settings=\"{&quot;background_background&quot;:&quot;classic&quot;}\">\n\t\t\t<div class=\"elementor-widget-wrap elementor-element-populated\">\n\t\t\t\t\t\t<div class=\"elementor-element elementor-element-74b52c58 elementor-widget elementor-widget-heading\" data-id=\"74b52c58\" data-element_type=\"widget\" data-e-type=\"widget\" data-widget_type=\"heading.default\">\n\t\t\t\t<div class=\"elementor-widget-container\">\n\t\t\t\t\t<h2 class=\"elementor-heading-title elementor-size-default\">About Beliva<\/h2>\t\t\t\t<\/div>\n\t\t\t\t<\/div>\n\t\t\t\t<div class=\"elementor-element elementor-element-31178dcc elementor-hidden-desktop elementor-view-default elementor-widget elementor-widget-icon\" data-id=\"31178dcc\" data-element_type=\"widget\" data-e-type=\"widget\" data-widget_type=\"icon.default\">\n\t\t\t\t<div class=\"elementor-widget-container\">\n\t\t\t\t\t\t\t<div class=\"elementor-icon-wrapper\">\n\t\t\t<a class=\"elementor-icon\" href=\"#elementor-action%3Aaction%3Dpopup%3Aopen%26settings%3DeyJpZCI6IjE3NDEiLCJ0b2dnbGUiOmZhbHNlfQ%3D%3D\">\n\t\t\t<i aria-hidden=\"true\" class=\"icon icon-burger-menu\"><\/i>\t\t\t<\/a>\n\t\t<\/div>\n\t\t\t\t\t\t<\/div>\n\t\t\t\t<\/div>\n\t\t\t\t<div class=\"elementor-element elementor-element-546ff2a8 elementor-nav-menu__align-center elementor-hidden-tablet elementor-hidden-mobile elementor-nav-menu--dropdown-tablet elementor-nav-menu__text-align-aside elementor-nav-menu--toggle elementor-nav-menu--burger elementor-widget elementor-widget-nav-menu\" data-id=\"546ff2a8\" data-element_type=\"widget\" data-e-type=\"widget\" data-settings=\"{&quot;layout&quot;:&quot;horizontal&quot;,&quot;submenu_icon&quot;:{&quot;value&quot;:&quot;&lt;i class=\\&quot;fas fa-caret-down\\&quot; aria-hidden=\\&quot;true\\&quot;&gt;&lt;\\\/i&gt;&quot;,&quot;library&quot;:&quot;fa-solid&quot;},&quot;toggle&quot;:&quot;burger&quot;}\" data-widget_type=\"nav-menu.default\">\n\t\t\t\t<div class=\"elementor-widget-container\">\n\t\t\t\t\t\t\t\t<nav aria-label=\"Menu\" class=\"elementor-nav-menu--main elementor-nav-menu__container elementor-nav-menu--layout-horizontal e--pointer-underline e--animation-fade\">\n\t\t\t\t<ul id=\"menu-1-546ff2a8\" class=\"elementor-nav-menu\"><li class=\"menu-item menu-item-type-post_type menu-item-object-page menu-item-1367\"><a href=\"https:\/\/nysida.beliva.se\/en\/lillemor-ivansson\/\" class=\"elementor-item\">About me<\/a><\/li>\n<li class=\"menu-item menu-item-type-custom menu-item-object-custom menu-item-has-children menu-item-1368\"><a href=\"#\" class=\"elementor-item elementor-item-anchor\">Services<\/a>\n<ul class=\"sub-menu elementor-nav-menu--dropdown\">\n\t<li class=\"menu-item menu-item-type-post_type menu-item-object-page menu-item-1366\"><a href=\"https:\/\/nysida.beliva.se\/en\/enskilda-samtal\/\" class=\"elementor-sub-item\">Individual counseling<\/a><\/li>\n\t<li class=\"menu-item menu-item-type-post_type menu-item-object-page menu-item-1365\"><a href=\"https:\/\/nysida.beliva.se\/en\/par\/\" class=\"elementor-sub-item\">Couples<\/a><\/li>\n<\/ul>\n<\/li>\n<li class=\"menu-item menu-item-type-post_type menu-item-object-page menu-item-1364\"><a href=\"https:\/\/nysida.beliva.se\/en\/om-coaching\/\" class=\"elementor-item\">About coaching<\/a><\/li>\n<li class=\"menu-item menu-item-type-post_type menu-item-object-page menu-item-1363\"><a href=\"https:\/\/nysida.beliva.se\/en\/nar-passar-cocahing\/\" class=\"elementor-item\">When is coaching appropriate?<\/a><\/li>\n<li class=\"menu-item menu-item-type-post_type menu-item-object-page menu-item-1362\"><a href=\"https:\/\/nysida.beliva.se\/en\/om-beliva\/\" class=\"elementor-item\">About Beliva<\/a><\/li>\n<\/ul>\t\t\t<\/nav>\n\t\t\t\t\t<div class=\"elementor-menu-toggle\" role=\"button\" tabindex=\"0\" aria-label=\"Menu Toggle\" aria-expanded=\"false\">\n\t\t\t<i aria-hidden=\"true\" role=\"presentation\" class=\"elementor-menu-toggle__icon--open eicon-menu-bar\"><\/i><i aria-hidden=\"true\" role=\"presentation\" class=\"elementor-menu-toggle__icon--close eicon-close\"><\/i>\t\t<\/div>\n\t\t\t\t\t<nav class=\"elementor-nav-menu--dropdown elementor-nav-menu__container\" aria-hidden=\"true\">\n\t\t\t\t<ul id=\"menu-2-546ff2a8\" class=\"elementor-nav-menu\"><li class=\"menu-item menu-item-type-post_type menu-item-object-page menu-item-1367\"><a href=\"https:\/\/nysida.beliva.se\/en\/lillemor-ivansson\/\" class=\"elementor-item\" tabindex=\"-1\">About me<\/a><\/li>\n<li class=\"menu-item menu-item-type-custom menu-item-object-custom menu-item-has-children menu-item-1368\"><a href=\"#\" class=\"elementor-item elementor-item-anchor\" tabindex=\"-1\">Services<\/a>\n<ul class=\"sub-menu elementor-nav-menu--dropdown\">\n\t<li class=\"menu-item menu-item-type-post_type menu-item-object-page menu-item-1366\"><a href=\"https:\/\/nysida.beliva.se\/en\/enskilda-samtal\/\" class=\"elementor-sub-item\" tabindex=\"-1\">Individual counseling<\/a><\/li>\n\t<li class=\"menu-item menu-item-type-post_type menu-item-object-page menu-item-1365\"><a href=\"https:\/\/nysida.beliva.se\/en\/par\/\" class=\"elementor-sub-item\" tabindex=\"-1\">Couples<\/a><\/li>\n<\/ul>\n<\/li>\n<li class=\"menu-item menu-item-type-post_type menu-item-object-page menu-item-1364\"><a href=\"https:\/\/nysida.beliva.se\/en\/om-coaching\/\" class=\"elementor-item\" tabindex=\"-1\">About coaching<\/a><\/li>\n<li class=\"menu-item menu-item-type-post_type menu-item-object-page menu-item-1363\"><a href=\"https:\/\/nysida.beliva.se\/en\/nar-passar-cocahing\/\" class=\"elementor-item\" tabindex=\"-1\">When is coaching appropriate?<\/a><\/li>\n<li class=\"menu-item menu-item-type-post_type menu-item-object-page menu-item-1362\"><a href=\"https:\/\/nysida.beliva.se\/en\/om-beliva\/\" class=\"elementor-item\" tabindex=\"-1\">About Beliva<\/a><\/li>\n<\/ul>\t\t\t<\/nav>\n\t\t\t\t\t\t<\/div>\n\t\t\t\t<\/div>\n\t\t\t\t\t<\/div>\n\t\t<\/div>\n\t\t\t\t\t<\/div>\n\t\t<\/section>\n\t\t\t\t<section class=\"elementor-section elementor-top-section elementor-element elementor-element-789490fa elementor-section-boxed elementor-section-height-default elementor-section-height-default\" data-id=\"789490fa\" data-element_type=\"section\" data-e-type=\"section\">\n\t\t\t\t\t\t<div class=\"elementor-container elementor-column-gap-wider\">\n\t\t\t\t\t<div class=\"elementor-column elementor-col-50 elementor-top-column elementor-element elementor-element-4aabc589 elementor-invisible\" data-id=\"4aabc589\" data-element_type=\"column\" data-e-type=\"column\" data-settings=\"{&quot;animation&quot;:&quot;fadeInUp&quot;,&quot;animation_delay&quot;:100}\">\n\t\t\t<div class=\"elementor-widget-wrap elementor-element-populated\">\n\t\t\t\t\t\t<div class=\"elementor-element elementor-element-1cd6e410 elementor-widget elementor-widget-heading\" data-id=\"1cd6e410\" data-element_type=\"widget\" data-e-type=\"widget\" data-widget_type=\"heading.default\">\n\t\t\t\t<div class=\"elementor-widget-container\">\n\t\t\t\t\t<h2 class=\"elementor-heading-title elementor-size-default\">Det \u00e4r mig du m\u00f6ter<\/h2>\t\t\t\t<\/div>\n\t\t\t\t<\/div>\n\t\t\t\t<div class=\"elementor-element elementor-element-2df8978f elementor-widget elementor-widget-text-editor\" data-id=\"2df8978f\" data-element_type=\"widget\" data-e-type=\"widget\" data-widget_type=\"text-editor.default\">\n\t\t\t\t<div class=\"elementor-widget-container\">\n\t\t\t\t\t\t\t\t\t<p>Jag \u00e4r diplomerad coach efter att ha g\u00e5tt tv\u00e5 ICF-certifierade (International Coach Federation) utbildningar. Jag har en fil.kand i socialt arbete d\u00e4r pedagogik, psykologi samt psykoterapi ing\u00e5r. Jag\u00a0har under m\u00e5nga \u00e5r arbetat som familjest\u00f6djare och m\u00f6tt par, familjer och enskilda i r\u00e5dgivande samtal, d\u00e4r relationer varit i fokus.<br \/><br \/><strong>Min passion \u00e4r att se dig v\u00e4xa<\/strong><br \/><span style=\"font-size: large;\">Att se det unika i varje m\u00e4nniska, ana potentialen och g\u00e5 en v\u00e4gstr\u00e4cka tillsammans, det \u00e4r och har varit en stor del av mitt liv.<br \/><\/span><br \/><span style=\"font-size: large;\">\u200bJag vill med min kunskap och samlade erfarenhet i livet, samt en positiv m\u00e4nniskosyn, m\u00f6ta dig och st\u00e4rka dig som individ att bli ditt b\u00e4sta jag.<br \/><br \/>Under tiden jag utbildade mig till coach uppt\u00e4ckte jag sj\u00e4lv kraften och styrkan i coaching som verktyg.\u00a0Jag vill d\u00e4rf\u00f6r\u00a0utmana dig att hitta dina styrkor, eliminera r\u00e4dslorna och identifiera dina drivkrafter och v\u00e4rderingar,\u00a0<\/span><span style=\"font-size: large;\">allt f\u00f6r att uppn\u00e5 ett konkret resultat.<br \/><br \/><\/span><strong>Vill du veta varf\u00f6r f\u00f6retaget<br \/>heter beliva?<\/strong><br \/><span style=\"font-size: large;\">Jag, Lillemor, och min man Bengt skapade f\u00f6retagets namn utifr\u00e5n v\u00e5ra f\u00f6rnamn och\u00a0efternamnet Ivansson.<br \/>Namnet beliva signalerar \u00e4ven v\u00e5r m\u00e4nniskosyn<br \/><br \/><\/span>&#8211; Vi tror p\u00e5 dig<br \/><br \/>Jag ser fram emot att m\u00f6tas,<br \/><strong>Lillemor Ivansson<\/strong><\/p>\t\t\t\t\t\t\t\t<\/div>\n\t\t\t\t<\/div>\n\t\t\t\t\t<\/div>\n\t\t<\/div>\n\t\t\t\t<div class=\"elementor-column elementor-col-50 elementor-top-column elementor-element elementor-element-f1e2a6e elementor-invisible\" data-id=\"f1e2a6e\" data-element_type=\"column\" data-e-type=\"column\" data-settings=\"{&quot;animation&quot;:&quot;fadeInUp&quot;,&quot;animation_delay&quot;:200}\">\n\t\t\t<div class=\"elementor-widget-wrap elementor-element-populated\">\n\t\t\t\t\t\t<div class=\"elementor-element elementor-element-7e7ad40 elementor-widget elementor-widget-image\" data-id=\"7e7ad40\" data-element_type=\"widget\" data-e-type=\"widget\" data-widget_type=\"image.default\">\n\t\t\t\t<div class=\"elementor-widget-container\">\n\t\t\t\t\t\t\t\t\t\t\t\t\t\t\t<img data-opt-id=1630107920  fetchpriority=\"high\" decoding=\"async\" width=\"451\" height=\"670\" src=\"https:\/\/mlxqgjifrh8c.i.optimole.com\/cb:Obny.c042\/w:451\/h:670\/q:mauto\/f:best\/https:\/\/nysida.beliva.se\/wp-content\/uploads\/2023\/08\/Lillemor-om-beliva.jpg\" class=\"attachment-full size-full wp-image-2015\" alt=\"En bild av Lillemor Ivansson i en randig tr\u00f6ja lutad mot en v\u00e4gg under fliken Om Beliva\" srcset=\"https:\/\/mlxqgjifrh8c.i.optimole.com\/cb:Obny.c042\/w:451\/h:670\/q:mauto\/f:best\/https:\/\/nysida.beliva.se\/wp-content\/uploads\/2023\/08\/Lillemor-om-beliva.jpg 451w, https:\/\/mlxqgjifrh8c.i.optimole.com\/cb:Obny.c042\/w:202\/h:300\/q:mauto\/f:best\/https:\/\/nysida.beliva.se\/wp-content\/uploads\/2023\/08\/Lillemor-om-beliva.jpg 202w, https:\/\/mlxqgjifrh8c.i.optimole.com\/cb:Obny.c042\/w:8\/h:12\/q:mauto\/f:best\/dpr:2\/https:\/\/nysida.beliva.se\/wp-content\/uploads\/2023\/08\/Lillemor-om-beliva.jpg 8w\" sizes=\"(max-width: 451px) 100vw, 451px\" \/>\t\t\t\t\t\t\t\t\t\t\t\t\t\t\t<\/div>\n\t\t\t\t<\/div>\n\t\t\t\t<section class=\"elementor-section elementor-inner-section elementor-element elementor-element-6ff79f06 elementor-section-boxed elementor-section-height-default elementor-section-height-default\" data-id=\"6ff79f06\" data-element_type=\"section\" data-e-type=\"section\">\n\t\t\t\t\t\t<div class=\"elementor-container elementor-column-gap-default\">\n\t\t\t\t\t<div class=\"elementor-column elementor-col-100 elementor-inner-column elementor-element elementor-element-53c2a9eb\" data-id=\"53c2a9eb\" data-element_type=\"column\" data-e-type=\"column\" data-settings=\"{&quot;background_background&quot;:&quot;classic&quot;}\">\n\t\t\t<div class=\"elementor-widget-wrap elementor-element-populated\">\n\t\t\t\t\t\t<div class=\"elementor-element elementor-element-3d9f85f9 elementor-widget elementor-widget-heading\" data-id=\"3d9f85f9\" data-element_type=\"widget\" data-e-type=\"widget\" data-widget_type=\"heading.default\">\n\t\t\t\t<div class=\"elementor-widget-container\">\n\t\t\t\t\t<h2 class=\"elementor-heading-title elementor-size-default\"><a href=\"#elementor-action%3Aaction%3Dpopup%3Aopen%26settings%3DeyJpZCI6IjE4NTkiLCJ0b2dnbGUiOmZhbHNlfQ%3D%3D\">H\u00e4r tar du kontakt<\/a><\/h2>\t\t\t\t<\/div>\n\t\t\t\t<\/div>\n\t\t\t\t\t<\/div>\n\t\t<\/div>\n\t\t\t\t\t<\/div>\n\t\t<\/section>\n\t\t\t\t\t<\/div>\n\t\t<\/div>\n\t\t\t\t\t<\/div>\n\t\t<\/section>\n\t\t\t\t<section class=\"elementor-section elementor-top-section elementor-element elementor-element-188535a elementor-section-boxed elementor-section-height-default elementor-section-height-default\" data-id=\"188535a\" data-element_type=\"section\" data-e-type=\"section\">\n\t\t\t\t\t\t<div class=\"elementor-container elementor-column-gap-default\">\n\t\t\t\t\t<div class=\"elementor-column elementor-col-100 elementor-top-column elementor-element elementor-element-e1192a7\" data-id=\"e1192a7\" data-element_type=\"column\" data-e-type=\"column\">\n\t\t\t<div class=\"elementor-widget-wrap elementor-element-populated\">\n\t\t\t\t\t\t<div class=\"elementor-element elementor-element-4ab78d5 elementor-blockquote--skin-quotation elementor-blockquote--align-left elementor-widget elementor-widget-blockquote\" data-id=\"4ab78d5\" data-element_type=\"widget\" data-e-type=\"widget\" data-widget_type=\"blockquote.default\">\n\t\t\t\t<div class=\"elementor-widget-container\">\n\t\t\t\t\t\t\t<blockquote class=\"elementor-blockquote\">\n\t\t\t<p class=\"elementor-blockquote__content\">\n\t\t\t\tCoachsamtalen gav mig \u00f6ppnade v\u00e4gar. \/ Cathrine\t\t\t<\/p>\n\t\t\t\t\t<\/blockquote>\n\t\t\t\t\t\t<\/div>\n\t\t\t\t<\/div>\n\t\t\t\t\t<\/div>\n\t\t<\/div>\n\t\t\t\t\t<\/div>\n\t\t<\/section>\n\t\t\t\t<\/div>","protected":false},"excerpt":{"rendered":"<p>Om Beliva Det \u00e4r mig du m\u00f6ter Jag \u00e4r diplomerad coach efter att ha g\u00e5tt tv\u00e5 ICF-certifierade (International Coach Federation) utbildningar. Jag har en fil.kand i socialt arbete d\u00e4r pedagogik, psykologi samt psykoterapi ing\u00e5r. Jag\u00a0har under m\u00e5nga \u00e5r arbetat som familjest\u00f6djare och m\u00f6tt par, familjer och enskilda i r\u00e5dgivande samtal, d\u00e4r relationer varit i fokus. [&hellip;]<\/p>\n","protected":false},"author":1,"featured_media":0,"parent":0,"menu_order":0,"comment_status":"closed","ping_status":"closed","template":"","meta":{"footnotes":""},"class_list":["post-1351","page","type-page","status-publish","hentry"],"yoast_head":"<!-- This site is optimized with the Yoast SEO plugin v27.3 - https:\/\/yoast.com\/product\/yoast-seo-wordpress\/ -->\n<title>Om Beliva - Beliva<\/title>\n<meta name=\"description\" content=\"Jag, Lillemor, och min man Bengt skapade f\u00f6retagets namn utifr\u00e5n v\u00e5ra f\u00f6rnamn och efternamn och det signalerar \u00e4ven tron p\u00e5 det goda\" \/>\n<meta name=\"robots\" content=\"noindex, follow, max-snippet:-1, max-image-preview:large, max-video-preview:-1\" \/>\n<meta property=\"og:locale\" content=\"en_US\" \/>\n<meta property=\"og:type\" content=\"article\" \/>\n<meta property=\"og:title\" content=\"Om Beliva - Beliva\" \/>\n<meta property=\"og:description\" content=\"Jag, Lillemor, och min man Bengt skapade f\u00f6retagets namn utifr\u00e5n v\u00e5ra f\u00f6rnamn och efternamn och det signalerar \u00e4ven tron p\u00e5 det goda\" \/>\n<meta property=\"og:url\" content=\"https:\/\/nysida.beliva.se\/en\/om-beliva\/\" \/>\n<meta property=\"og:site_name\" content=\"Beliva\" \/>\n<meta property=\"article:publisher\" content=\"https:\/\/www.facebook.com\/beliva.se\/\" \/>\n<meta property=\"article:modified_time\" content=\"2023-08-25T09:55:42+00:00\" \/>\n<meta property=\"og:image\" content=\"https:\/\/mlxqgjifrh8c.i.optimole.com\/cb:Obny.c042\/w:auto\/h:auto\/q:mauto\/f:best\/https:\/\/nysida.beliva.se\/wp-content\/uploads\/2023\/08\/Lillemor-om-beliva.jpg\" \/>\n<meta name=\"twitter:card\" content=\"summary_large_image\" \/>\n<meta name=\"twitter:label1\" content=\"Est. reading time\" \/>\n\t<meta name=\"twitter:data1\" content=\"2 minutes\" \/>\n<script type=\"application\/ld+json\" class=\"yoast-schema-graph\">{\"@context\":\"https:\\\/\\\/schema.org\",\"@graph\":[{\"@type\":\"WebPage\",\"@id\":\"https:\\\/\\\/nysida.beliva.se\\\/om-beliva\\\/\",\"url\":\"https:\\\/\\\/nysida.beliva.se\\\/om-beliva\\\/\",\"name\":\"Om Beliva - Beliva\",\"isPartOf\":{\"@id\":\"https:\\\/\\\/nysida.beliva.se\\\/#website\"},\"primaryImageOfPage\":{\"@id\":\"https:\\\/\\\/nysida.beliva.se\\\/om-beliva\\\/#primaryimage\"},\"image\":{\"@id\":\"https:\\\/\\\/nysida.beliva.se\\\/om-beliva\\\/#primaryimage\"},\"thumbnailUrl\":\"https:\\/\\/nysida.beliva.se\\/wp-content\\/uploads\\/2023\\/08\\/Lillemor-om-beliva.jpg\",\"datePublished\":\"2023-07-29T08:52:42+00:00\",\"dateModified\":\"2023-08-25T09:55:42+00:00\",\"description\":\"Jag, Lillemor, och min man Bengt skapade f\u00f6retagets namn utifr\u00e5n v\u00e5ra f\u00f6rnamn och efternamn och det signalerar \u00e4ven tron p\u00e5 det goda\",\"breadcrumb\":{\"@id\":\"https:\\\/\\\/nysida.beliva.se\\\/om-beliva\\\/#breadcrumb\"},\"inLanguage\":\"en-US\",\"potentialAction\":[{\"@type\":\"ReadAction\",\"target\":[\"https:\\\/\\\/nysida.beliva.se\\\/om-beliva\\\/\"]}]},{\"@type\":\"ImageObject\",\"inLanguage\":\"en-US\",\"@id\":\"https:\\\/\\\/nysida.beliva.se\\\/om-beliva\\\/#primaryimage\",\"url\":\"https:\\/\\/nysida.beliva.se\\/wp-content\\/uploads\\/2023\\/08\\/Lillemor-om-beliva.jpg\",\"contentUrl\":\"https:\\/\\/nysida.beliva.se\\/wp-content\\/uploads\\/2023\\/08\\/Lillemor-om-beliva.jpg\"},{\"@type\":\"BreadcrumbList\",\"@id\":\"https:\\\/\\\/nysida.beliva.se\\\/om-beliva\\\/#breadcrumb\",\"itemListElement\":[{\"@type\":\"ListItem\",\"position\":1,\"name\":\"Hem\",\"item\":\"https:\\\/\\\/nysida.beliva.se\\\/\"},{\"@type\":\"ListItem\",\"position\":2,\"name\":\"Om Beliva\"}]},{\"@type\":\"WebSite\",\"@id\":\"https:\\\/\\\/nysida.beliva.se\\\/#website\",\"url\":\"https:\\\/\\\/nysida.beliva.se\\\/\",\"name\":\"Beliva\",\"description\":\"\",\"publisher\":{\"@id\":\"https:\\\/\\\/nysida.beliva.se\\\/#organization\"},\"potentialAction\":[{\"@type\":\"SearchAction\",\"target\":{\"@type\":\"EntryPoint\",\"urlTemplate\":\"https:\\\/\\\/nysida.beliva.se\\\/?s={search_term_string}\"},\"query-input\":{\"@type\":\"PropertyValueSpecification\",\"valueRequired\":true,\"valueName\":\"search_term_string\"}}],\"inLanguage\":\"en-US\"},{\"@type\":\"Organization\",\"@id\":\"https:\\\/\\\/nysida.beliva.se\\\/#organization\",\"name\":\"Beliva\",\"url\":\"https:\\\/\\\/nysida.beliva.se\\\/\",\"logo\":{\"@type\":\"ImageObject\",\"inLanguage\":\"en-US\",\"@id\":\"https:\\\/\\\/nysida.beliva.se\\\/#\\\/schema\\\/logo\\\/image\\\/\",\"url\":\"https:\\/\\/nysida.beliva.se\\/wp-content\\/uploads\\/2023\\/06\\/beliva-logo-namn.png\",\"contentUrl\":\"https:\\/\\/nysida.beliva.se\\/wp-content\\/uploads\\/2023\\/06\\/beliva-logo-namn.png\",\"width\":199,\"height\":100,\"caption\":\"Beliva\"},\"image\":{\"@id\":\"https:\\\/\\\/nysida.beliva.se\\\/#\\\/schema\\\/logo\\\/image\\\/\"},\"sameAs\":[\"https:\\\/\\\/www.facebook.com\\\/beliva.se\\\/\",\"https:\\\/\\\/www.instagram.com\\\/beliva.se\\\/\"]}]}<\/script>\n<!-- \/ Yoast SEO plugin. -->","yoast_head_json":{"title":"Om Beliva - Beliva","description":"Jag, Lillemor, och min man Bengt skapade f\u00f6retagets namn utifr\u00e5n v\u00e5ra f\u00f6rnamn och efternamn och det signalerar \u00e4ven tron p\u00e5 det goda","robots":{"index":"noindex","follow":"follow","max-snippet":"max-snippet:-1","max-image-preview":"max-image-preview:large","max-video-preview":"max-video-preview:-1"},"og_locale":"en_US","og_type":"article","og_title":"Om Beliva - Beliva","og_description":"Jag, Lillemor, och min man Bengt skapade f\u00f6retagets namn utifr\u00e5n v\u00e5ra f\u00f6rnamn och efternamn och det signalerar \u00e4ven tron p\u00e5 det goda","og_url":"https:\/\/nysida.beliva.se\/en\/om-beliva\/","og_site_name":"Beliva","article_publisher":"https:\/\/www.facebook.com\/beliva.se\/","article_modified_time":"2023-08-25T09:55:42+00:00","og_image":[{"url":"https:\/\/mlxqgjifrh8c.i.optimole.com\/cb:Obny.c042\/w:auto\/h:auto\/q:mauto\/f:best\/https:\/\/nysida.beliva.se\/wp-content\/uploads\/2023\/08\/Lillemor-om-beliva.jpg","type":"","width":"","height":""}],"twitter_card":"summary_large_image","twitter_misc":{"Est. reading time":"2 minutes"},"schema":{"@context":"https:\/\/schema.org","@graph":[{"@type":"WebPage","@id":"https:\/\/nysida.beliva.se\/om-beliva\/","url":"https:\/\/nysida.beliva.se\/om-beliva\/","name":"Om Beliva - Beliva","isPartOf":{"@id":"https:\/\/nysida.beliva.se\/#website"},"primaryImageOfPage":{"@id":"https:\/\/nysida.beliva.se\/om-beliva\/#primaryimage"},"image":{"@id":"https:\/\/nysida.beliva.se\/om-beliva\/#primaryimage"},"thumbnailUrl":"https:\/\/mlxqgjifrh8c.i.optimole.com\/cb:Obny.c042\/w:auto\/h:auto\/q:mauto\/f:best\/https:\/\/nysida.beliva.se\/wp-content\/uploads\/2023\/08\/Lillemor-om-beliva.jpg","datePublished":"2023-07-29T08:52:42+00:00","dateModified":"2023-08-25T09:55:42+00:00","description":"Jag, Lillemor, och min man Bengt skapade f\u00f6retagets namn utifr\u00e5n v\u00e5ra f\u00f6rnamn och efternamn och det signalerar \u00e4ven tron p\u00e5 det goda","breadcrumb":{"@id":"https:\/\/nysida.beliva.se\/om-beliva\/#breadcrumb"},"inLanguage":"en-US","potentialAction":[{"@type":"ReadAction","target":["https:\/\/nysida.beliva.se\/om-beliva\/"]}]},{"@type":"ImageObject","inLanguage":"en-US","@id":"https:\/\/nysida.beliva.se\/om-beliva\/#primaryimage","url":"https:\/\/mlxqgjifrh8c.i.optimole.com\/cb:Obny.c042\/w:auto\/h:auto\/q:mauto\/f:best\/https:\/\/nysida.beliva.se\/wp-content\/uploads\/2023\/08\/Lillemor-om-beliva.jpg","contentUrl":"https:\/\/mlxqgjifrh8c.i.optimole.com\/cb:Obny.c042\/w:auto\/h:auto\/q:mauto\/f:best\/https:\/\/nysida.beliva.se\/wp-content\/uploads\/2023\/08\/Lillemor-om-beliva.jpg"},{"@type":"BreadcrumbList","@id":"https:\/\/nysida.beliva.se\/om-beliva\/#breadcrumb","itemListElement":[{"@type":"ListItem","position":1,"name":"Hem","item":"https:\/\/nysida.beliva.se\/"},{"@type":"ListItem","position":2,"name":"Om Beliva"}]},{"@type":"WebSite","@id":"https:\/\/nysida.beliva.se\/#website","url":"https:\/\/nysida.beliva.se\/","name":"Beliva","description":"","publisher":{"@id":"https:\/\/nysida.beliva.se\/#organization"},"potentialAction":[{"@type":"SearchAction","target":{"@type":"EntryPoint","urlTemplate":"https:\/\/nysida.beliva.se\/?s={search_term_string}"},"query-input":{"@type":"PropertyValueSpecification","valueRequired":true,"valueName":"search_term_string"}}],"inLanguage":"en-US"},{"@type":"Organization","@id":"https:\/\/nysida.beliva.se\/#organization","name":"Beliva","url":"https:\/\/nysida.beliva.se\/","logo":{"@type":"ImageObject","inLanguage":"en-US","@id":"https:\/\/nysida.beliva.se\/#\/schema\/logo\/image\/","url":"https:\/\/mlxqgjifrh8c.i.optimole.com\/cb:Obny.c042\/w:auto\/h:auto\/q:mauto\/f:best\/https:\/\/nysida.beliva.se\/wp-content\/uploads\/2023\/06\/beliva-logo-namn.png","contentUrl":"https:\/\/mlxqgjifrh8c.i.optimole.com\/cb:Obny.c042\/w:auto\/h:auto\/q:mauto\/f:best\/https:\/\/nysida.beliva.se\/wp-content\/uploads\/2023\/06\/beliva-logo-namn.png","width":199,"height":100,"caption":"Beliva"},"image":{"@id":"https:\/\/nysida.beliva.se\/#\/schema\/logo\/image\/"},"sameAs":["https:\/\/www.facebook.com\/beliva.se\/","https:\/\/www.instagram.com\/beliva.se\/"]}]}},"_links":{"self":[{"href":"https:\/\/nysida.beliva.se\/en\/wp-json\/wp\/v2\/pages\/1351","targetHints":{"allow":["GET"]}}],"collection":[{"href":"https:\/\/nysida.beliva.se\/en\/wp-json\/wp\/v2\/pages"}],"about":[{"href":"https:\/\/nysida.beliva.se\/en\/wp-json\/wp\/v2\/types\/page"}],"author":[{"embeddable":true,"href":"https:\/\/nysida.beliva.se\/en\/wp-json\/wp\/v2\/users\/1"}],"replies":[{"embeddable":true,"href":"https:\/\/nysida.beliva.se\/en\/wp-json\/wp\/v2\/comments?post=1351"}],"version-history":[{"count":19,"href":"https:\/\/nysida.beliva.se\/en\/wp-json\/wp\/v2\/pages\/1351\/revisions"}],"predecessor-version":[{"id":2577,"href":"https:\/\/nysida.beliva.se\/en\/wp-json\/wp\/v2\/pages\/1351\/revisions\/2577"}],"wp:attachment":[{"href":"https:\/\/nysida.beliva.se\/en\/wp-json\/wp\/v2\/media?parent=1351"}],"curies":[{"name":"wp","href":"https:\/\/api.w.org\/{rel}","templated":true}]}}