{"id":1347,"date":"2023-07-29T08:48:47","date_gmt":"2023-07-29T08:48:47","guid":{"rendered":"https:\/\/nysida.beliva.se\/?page_id=1347"},"modified":"2023-08-25T09:51:29","modified_gmt":"2023-08-25T09:51:29","slug":"om-coaching","status":"publish","type":"page","link":"https:\/\/nysida.beliva.se\/en\/om-coaching\/","title":{"rendered":"About coaching"},"content":{"rendered":"<div data-elementor-type=\"wp-page\" data-elementor-id=\"1347\" class=\"elementor elementor-1347\" data-elementor-post-type=\"page\">\n\t\t\t\t\t\t<section class=\"elementor-section elementor-top-section elementor-element elementor-element-7c5d044 elementor-section-full_width elementor-section-height-min-height elementor-section-items-stretch elementor-section-content-bottom elementor-section-height-default\" data-id=\"7c5d044\" data-element_type=\"section\" data-e-type=\"section\">\n\t\t\t\t\t\t<div class=\"elementor-container elementor-column-gap-no\">\n\t\t\t\t\t<div class=\"elementor-column elementor-col-100 elementor-top-column elementor-element elementor-element-5627a71f\" data-id=\"5627a71f\" data-element_type=\"column\" data-e-type=\"column\" data-settings=\"{&quot;background_background&quot;:&quot;classic&quot;}\">\n\t\t\t<div class=\"elementor-widget-wrap elementor-element-populated\">\n\t\t\t\t\t\t<div class=\"elementor-element elementor-element-71a89a6a elementor-widget elementor-widget-heading\" data-id=\"71a89a6a\" data-element_type=\"widget\" data-e-type=\"widget\" data-widget_type=\"heading.default\">\n\t\t\t\t<div class=\"elementor-widget-container\">\n\t\t\t\t\t<h2 class=\"elementor-heading-title elementor-size-default\">About coaching<\/h2>\t\t\t\t<\/div>\n\t\t\t\t<\/div>\n\t\t\t\t<div class=\"elementor-element elementor-element-12fd3e8f elementor-hidden-desktop elementor-view-default elementor-widget elementor-widget-icon\" data-id=\"12fd3e8f\" data-element_type=\"widget\" data-e-type=\"widget\" data-widget_type=\"icon.default\">\n\t\t\t\t<div class=\"elementor-widget-container\">\n\t\t\t\t\t\t\t<div class=\"elementor-icon-wrapper\">\n\t\t\t<a class=\"elementor-icon\" href=\"#elementor-action%3Aaction%3Dpopup%3Aopen%26settings%3DeyJpZCI6IjE3NDEiLCJ0b2dnbGUiOmZhbHNlfQ%3D%3D\">\n\t\t\t<i aria-hidden=\"true\" class=\"icon icon-burger-menu\"><\/i>\t\t\t<\/a>\n\t\t<\/div>\n\t\t\t\t\t\t<\/div>\n\t\t\t\t<\/div>\n\t\t\t\t<div class=\"elementor-element elementor-element-21a04dd9 elementor-nav-menu__align-center elementor-hidden-tablet elementor-hidden-mobile elementor-nav-menu--dropdown-tablet elementor-nav-menu__text-align-aside elementor-nav-menu--toggle elementor-nav-menu--burger elementor-widget elementor-widget-nav-menu\" data-id=\"21a04dd9\" data-element_type=\"widget\" data-e-type=\"widget\" data-settings=\"{&quot;layout&quot;:&quot;horizontal&quot;,&quot;submenu_icon&quot;:{&quot;value&quot;:&quot;&lt;i class=\\&quot;fas fa-caret-down\\&quot; aria-hidden=\\&quot;true\\&quot;&gt;&lt;\\\/i&gt;&quot;,&quot;library&quot;:&quot;fa-solid&quot;},&quot;toggle&quot;:&quot;burger&quot;}\" data-widget_type=\"nav-menu.default\">\n\t\t\t\t<div class=\"elementor-widget-container\">\n\t\t\t\t\t\t\t\t<nav aria-label=\"Menu\" class=\"elementor-nav-menu--main elementor-nav-menu__container elementor-nav-menu--layout-horizontal e--pointer-underline e--animation-fade\">\n\t\t\t\t<ul id=\"menu-1-21a04dd9\" class=\"elementor-nav-menu\"><li class=\"menu-item menu-item-type-post_type menu-item-object-page menu-item-1367\"><a href=\"https:\/\/nysida.beliva.se\/en\/lillemor-ivansson\/\" class=\"elementor-item\">About me<\/a><\/li>\n<li class=\"menu-item menu-item-type-custom menu-item-object-custom menu-item-has-children menu-item-1368\"><a href=\"#\" class=\"elementor-item elementor-item-anchor\">Services<\/a>\n<ul class=\"sub-menu elementor-nav-menu--dropdown\">\n\t<li class=\"menu-item menu-item-type-post_type menu-item-object-page menu-item-1366\"><a href=\"https:\/\/nysida.beliva.se\/en\/enskilda-samtal\/\" class=\"elementor-sub-item\">Individual counseling<\/a><\/li>\n\t<li class=\"menu-item menu-item-type-post_type menu-item-object-page menu-item-1365\"><a href=\"https:\/\/nysida.beliva.se\/en\/par\/\" class=\"elementor-sub-item\">Couples<\/a><\/li>\n<\/ul>\n<\/li>\n<li class=\"menu-item menu-item-type-post_type menu-item-object-page menu-item-1364\"><a href=\"https:\/\/nysida.beliva.se\/en\/om-coaching\/\" class=\"elementor-item\">About coaching<\/a><\/li>\n<li class=\"menu-item menu-item-type-post_type menu-item-object-page menu-item-1363\"><a href=\"https:\/\/nysida.beliva.se\/en\/nar-passar-cocahing\/\" class=\"elementor-item\">When is coaching appropriate?<\/a><\/li>\n<li class=\"menu-item menu-item-type-post_type menu-item-object-page menu-item-1362\"><a href=\"https:\/\/nysida.beliva.se\/en\/om-beliva\/\" class=\"elementor-item\">About Beliva<\/a><\/li>\n<\/ul>\t\t\t<\/nav>\n\t\t\t\t\t<div class=\"elementor-menu-toggle\" role=\"button\" tabindex=\"0\" aria-label=\"Menu Toggle\" aria-expanded=\"false\">\n\t\t\t<i aria-hidden=\"true\" role=\"presentation\" class=\"elementor-menu-toggle__icon--open eicon-menu-bar\"><\/i><i aria-hidden=\"true\" role=\"presentation\" class=\"elementor-menu-toggle__icon--close eicon-close\"><\/i>\t\t<\/div>\n\t\t\t\t\t<nav class=\"elementor-nav-menu--dropdown elementor-nav-menu__container\" aria-hidden=\"true\">\n\t\t\t\t<ul id=\"menu-2-21a04dd9\" class=\"elementor-nav-menu\"><li class=\"menu-item menu-item-type-post_type menu-item-object-page menu-item-1367\"><a href=\"https:\/\/nysida.beliva.se\/en\/lillemor-ivansson\/\" class=\"elementor-item\" tabindex=\"-1\">About me<\/a><\/li>\n<li class=\"menu-item menu-item-type-custom menu-item-object-custom menu-item-has-children menu-item-1368\"><a href=\"#\" class=\"elementor-item elementor-item-anchor\" tabindex=\"-1\">Services<\/a>\n<ul class=\"sub-menu elementor-nav-menu--dropdown\">\n\t<li class=\"menu-item menu-item-type-post_type menu-item-object-page menu-item-1366\"><a href=\"https:\/\/nysida.beliva.se\/en\/enskilda-samtal\/\" class=\"elementor-sub-item\" tabindex=\"-1\">Individual counseling<\/a><\/li>\n\t<li class=\"menu-item menu-item-type-post_type menu-item-object-page menu-item-1365\"><a href=\"https:\/\/nysida.beliva.se\/en\/par\/\" class=\"elementor-sub-item\" tabindex=\"-1\">Couples<\/a><\/li>\n<\/ul>\n<\/li>\n<li class=\"menu-item menu-item-type-post_type menu-item-object-page menu-item-1364\"><a href=\"https:\/\/nysida.beliva.se\/en\/om-coaching\/\" class=\"elementor-item\" tabindex=\"-1\">About coaching<\/a><\/li>\n<li class=\"menu-item menu-item-type-post_type menu-item-object-page menu-item-1363\"><a href=\"https:\/\/nysida.beliva.se\/en\/nar-passar-cocahing\/\" class=\"elementor-item\" tabindex=\"-1\">When is coaching appropriate?<\/a><\/li>\n<li class=\"menu-item menu-item-type-post_type menu-item-object-page menu-item-1362\"><a href=\"https:\/\/nysida.beliva.se\/en\/om-beliva\/\" class=\"elementor-item\" tabindex=\"-1\">About Beliva<\/a><\/li>\n<\/ul>\t\t\t<\/nav>\n\t\t\t\t\t\t<\/div>\n\t\t\t\t<\/div>\n\t\t\t\t\t<\/div>\n\t\t<\/div>\n\t\t\t\t\t<\/div>\n\t\t<\/section>\n\t\t\t\t<section class=\"elementor-section elementor-top-section elementor-element elementor-element-1938d9e7 elementor-section-boxed elementor-section-height-default elementor-section-height-default elementor-invisible\" data-id=\"1938d9e7\" data-element_type=\"section\" data-e-type=\"section\" data-settings=\"{&quot;animation&quot;:&quot;fadeInUp&quot;}\">\n\t\t\t\t\t\t<div class=\"elementor-container elementor-column-gap-default\">\n\t\t\t\t\t<div class=\"elementor-column elementor-col-100 elementor-top-column elementor-element elementor-element-3c993db1\" data-id=\"3c993db1\" data-element_type=\"column\" data-e-type=\"column\">\n\t\t\t<div class=\"elementor-widget-wrap elementor-element-populated\">\n\t\t\t\t\t\t<div class=\"elementor-element elementor-element-742f3cfd elementor-widget elementor-widget-heading\" data-id=\"742f3cfd\" data-element_type=\"widget\" data-e-type=\"widget\" data-widget_type=\"heading.default\">\n\t\t\t\t<div class=\"elementor-widget-container\">\n\t\t\t\t\t<h2 class=\"elementor-heading-title elementor-size-default\">Vad handlar det om?<\/h2>\t\t\t\t<\/div>\n\t\t\t\t<\/div>\n\t\t\t\t<div class=\"elementor-element elementor-element-a2d7ed0 elementor-widget elementor-widget-text-editor\" data-id=\"a2d7ed0\" data-element_type=\"widget\" data-e-type=\"widget\" data-widget_type=\"text-editor.default\">\n\t\t\t\t<div class=\"elementor-widget-container\">\n\t\t\t\t\t\t\t\t\t<p>Ordet coach kommer fr\u00e5n ungerskans kocsi och betyder vagn.\u00a0 Coaching kan d\u00e4rf\u00f6r beskrivas som ett s\u00e4tt att hj\u00e4lpa m\u00e4nniskor att f\u00f6rflytta sig fr\u00e5n en punkt till en\u00a0annan. Det handlar allts\u00e5 om f\u00f6rflyttning och utveckling f\u00f6r dig som vill f\u00f6r\u00e4ndra n\u00e5got i din vardag, och \u00e4r beredd att agera f\u00f6r att uppn\u00e5 resultat.\u00a0<br \/><br \/><strong>St\u00f6d att hitta svaren<\/strong><br \/>\u200bGrunden f\u00f6r all coaching \u00e4r att jag som coach lyssnar och fr\u00e5gar, och utmanar dig till handling och l\u00e4rande. Samtalet \u00e4r helt ditt och det inneb\u00e4r att jag s\u00e4llan ger r\u00e5d om du inte tydligt ber om det eller att jag ser att du skulle ha nytta av det. Vi utg\u00e5r alltid ifr\u00e5n d\u00e4r du befinner dig just nu. Du sj\u00e4lv har de svar du beh\u00f6ver, du beh\u00f6ver bara hitta dem.<br \/><br \/>Coaching \u00e4r inte terapi, mentorsamtal, handledning eller sj\u00e4lav\u00e5rd.<\/p>\t\t\t\t\t\t\t\t<\/div>\n\t\t\t\t<\/div>\n\t\t\t\t<div class=\"elementor-element elementor-element-653381e3 elementor-blockquote--skin-quotation elementor-widget elementor-widget-blockquote\" data-id=\"653381e3\" data-element_type=\"widget\" data-e-type=\"widget\" data-widget_type=\"blockquote.default\">\n\t\t\t\t<div class=\"elementor-widget-container\">\n\t\t\t\t\t\t\t<blockquote class=\"elementor-blockquote\">\n\t\t\t<p class=\"elementor-blockquote__content\">\n\t\t\t\tCoachningen har inte gett mig n\u00e5gra svar. Det har hj\u00e4lpt mig att hitta de svar jag redan hade.\/Camilla\t\t\t<\/p>\n\t\t\t\t\t<\/blockquote>\n\t\t\t\t\t\t<\/div>\n\t\t\t\t<\/div>\n\t\t\t\t<section class=\"elementor-section elementor-inner-section elementor-element elementor-element-98c8b49 elementor-section-boxed elementor-section-height-default elementor-section-height-default\" data-id=\"98c8b49\" data-element_type=\"section\" data-e-type=\"section\">\n\t\t\t\t\t\t<div class=\"elementor-container elementor-column-gap-default\">\n\t\t\t\t\t<div class=\"elementor-column elementor-col-100 elementor-inner-column elementor-element elementor-element-f49bdeb\" data-id=\"f49bdeb\" data-element_type=\"column\" data-e-type=\"column\" data-settings=\"{&quot;background_background&quot;:&quot;classic&quot;}\">\n\t\t\t<div class=\"elementor-widget-wrap elementor-element-populated\">\n\t\t\t\t\t\t<div class=\"elementor-element elementor-element-57018ddc elementor-widget elementor-widget-heading\" data-id=\"57018ddc\" data-element_type=\"widget\" data-e-type=\"widget\" data-widget_type=\"heading.default\">\n\t\t\t\t<div class=\"elementor-widget-container\">\n\t\t\t\t\t<h2 class=\"elementor-heading-title elementor-size-default\"><a href=\"#elementor-action%3Aaction%3Dpopup%3Aopen%26settings%3DeyJpZCI6IjE4NTkiLCJ0b2dnbGUiOmZhbHNlfQ%3D%3D\">H\u00e4r tar du kontakt<\/a><\/h2>\t\t\t\t<\/div>\n\t\t\t\t<\/div>\n\t\t\t\t\t<\/div>\n\t\t<\/div>\n\t\t\t\t\t<\/div>\n\t\t<\/section>\n\t\t\t\t\t<\/div>\n\t\t<\/div>\n\t\t\t\t\t<\/div>\n\t\t<\/section>\n\t\t\t\t<\/div>","protected":false},"excerpt":{"rendered":"<p>Om coaching Vad handlar det om? Ordet coach kommer fr\u00e5n ungerskans kocsi och betyder vagn.\u00a0 Coaching kan d\u00e4rf\u00f6r beskrivas som ett s\u00e4tt att hj\u00e4lpa m\u00e4nniskor att f\u00f6rflytta sig fr\u00e5n en punkt till en\u00a0annan. Det handlar allts\u00e5 om f\u00f6rflyttning och utveckling f\u00f6r dig som vill f\u00f6r\u00e4ndra n\u00e5got i din vardag, och \u00e4r beredd att agera f\u00f6r [&hellip;]<\/p>\n","protected":false},"author":1,"featured_media":0,"parent":0,"menu_order":0,"comment_status":"closed","ping_status":"closed","template":"","meta":{"footnotes":""},"class_list":["post-1347","page","type-page","status-publish","hentry"],"yoast_head":"<!-- This site is optimized with the Yoast SEO plugin v27.3 - https:\/\/yoast.com\/product\/yoast-seo-wordpress\/ -->\n<title>Om coaching - Beliva<\/title>\n<meta name=\"description\" content=\"\u200bGrunden f\u00f6r all coaching \u00e4r att jag som coach lyssnar och fr\u00e5gar, och utmanar dig till handling och l\u00e4rande\" \/>\n<meta name=\"robots\" content=\"noindex, follow, max-snippet:-1, max-image-preview:large, max-video-preview:-1\" \/>\n<meta property=\"og:locale\" content=\"en_US\" \/>\n<meta property=\"og:type\" content=\"article\" \/>\n<meta property=\"og:title\" content=\"Om coaching - Beliva\" \/>\n<meta property=\"og:description\" content=\"\u200bGrunden f\u00f6r all coaching \u00e4r att jag som coach lyssnar och fr\u00e5gar, och utmanar dig till handling och l\u00e4rande\" \/>\n<meta property=\"og:url\" content=\"https:\/\/nysida.beliva.se\/en\/om-coaching\/\" \/>\n<meta property=\"og:site_name\" content=\"Beliva\" \/>\n<meta property=\"article:publisher\" content=\"https:\/\/www.facebook.com\/beliva.se\/\" \/>\n<meta property=\"article:modified_time\" content=\"2023-08-25T09:51:29+00:00\" \/>\n<meta name=\"twitter:card\" content=\"summary_large_image\" \/>\n<meta name=\"twitter:label1\" content=\"Est. reading time\" \/>\n\t<meta name=\"twitter:data1\" content=\"1 minute\" \/>\n<script type=\"application\/ld+json\" class=\"yoast-schema-graph\">{\"@context\":\"https:\\\/\\\/schema.org\",\"@graph\":[{\"@type\":\"WebPage\",\"@id\":\"https:\\\/\\\/nysida.beliva.se\\\/om-coaching\\\/\",\"url\":\"https:\\\/\\\/nysida.beliva.se\\\/om-coaching\\\/\",\"name\":\"Om coaching - Beliva\",\"isPartOf\":{\"@id\":\"https:\\\/\\\/nysida.beliva.se\\\/#website\"},\"datePublished\":\"2023-07-29T08:48:47+00:00\",\"dateModified\":\"2023-08-25T09:51:29+00:00\",\"description\":\"\u200bGrunden f\u00f6r all coaching \u00e4r att jag som coach lyssnar och fr\u00e5gar, och utmanar dig till handling och l\u00e4rande\",\"breadcrumb\":{\"@id\":\"https:\\\/\\\/nysida.beliva.se\\\/om-coaching\\\/#breadcrumb\"},\"inLanguage\":\"en-US\",\"potentialAction\":[{\"@type\":\"ReadAction\",\"target\":[\"https:\\\/\\\/nysida.beliva.se\\\/om-coaching\\\/\"]}]},{\"@type\":\"BreadcrumbList\",\"@id\":\"https:\\\/\\\/nysida.beliva.se\\\/om-coaching\\\/#breadcrumb\",\"itemListElement\":[{\"@type\":\"ListItem\",\"position\":1,\"name\":\"Hem\",\"item\":\"https:\\\/\\\/nysida.beliva.se\\\/\"},{\"@type\":\"ListItem\",\"position\":2,\"name\":\"Om coaching\"}]},{\"@type\":\"WebSite\",\"@id\":\"https:\\\/\\\/nysida.beliva.se\\\/#website\",\"url\":\"https:\\\/\\\/nysida.beliva.se\\\/\",\"name\":\"Beliva\",\"description\":\"\",\"publisher\":{\"@id\":\"https:\\\/\\\/nysida.beliva.se\\\/#organization\"},\"potentialAction\":[{\"@type\":\"SearchAction\",\"target\":{\"@type\":\"EntryPoint\",\"urlTemplate\":\"https:\\\/\\\/nysida.beliva.se\\\/?s={search_term_string}\"},\"query-input\":{\"@type\":\"PropertyValueSpecification\",\"valueRequired\":true,\"valueName\":\"search_term_string\"}}],\"inLanguage\":\"en-US\"},{\"@type\":\"Organization\",\"@id\":\"https:\\\/\\\/nysida.beliva.se\\\/#organization\",\"name\":\"Beliva\",\"url\":\"https:\\\/\\\/nysida.beliva.se\\\/\",\"logo\":{\"@type\":\"ImageObject\",\"inLanguage\":\"en-US\",\"@id\":\"https:\\\/\\\/nysida.beliva.se\\\/#\\\/schema\\\/logo\\\/image\\\/\",\"url\":\"https:\\/\\/nysida.beliva.se\\/wp-content\\/uploads\\/2023\\/06\\/beliva-logo-namn.png\",\"contentUrl\":\"https:\\/\\/nysida.beliva.se\\/wp-content\\/uploads\\/2023\\/06\\/beliva-logo-namn.png\",\"width\":199,\"height\":100,\"caption\":\"Beliva\"},\"image\":{\"@id\":\"https:\\\/\\\/nysida.beliva.se\\\/#\\\/schema\\\/logo\\\/image\\\/\"},\"sameAs\":[\"https:\\\/\\\/www.facebook.com\\\/beliva.se\\\/\",\"https:\\\/\\\/www.instagram.com\\\/beliva.se\\\/\"]}]}<\/script>\n<!-- \/ Yoast SEO plugin. -->","yoast_head_json":{"title":"Om coaching - Beliva","description":"\u200bGrunden f\u00f6r all coaching \u00e4r att jag som coach lyssnar och fr\u00e5gar, och utmanar dig till handling och l\u00e4rande","robots":{"index":"noindex","follow":"follow","max-snippet":"max-snippet:-1","max-image-preview":"max-image-preview:large","max-video-preview":"max-video-preview:-1"},"og_locale":"en_US","og_type":"article","og_title":"Om coaching - Beliva","og_description":"\u200bGrunden f\u00f6r all coaching \u00e4r att jag som coach lyssnar och fr\u00e5gar, och utmanar dig till handling och l\u00e4rande","og_url":"https:\/\/nysida.beliva.se\/en\/om-coaching\/","og_site_name":"Beliva","article_publisher":"https:\/\/www.facebook.com\/beliva.se\/","article_modified_time":"2023-08-25T09:51:29+00:00","twitter_card":"summary_large_image","twitter_misc":{"Est. reading time":"1 minute"},"schema":{"@context":"https:\/\/schema.org","@graph":[{"@type":"WebPage","@id":"https:\/\/nysida.beliva.se\/om-coaching\/","url":"https:\/\/nysida.beliva.se\/om-coaching\/","name":"Om coaching - Beliva","isPartOf":{"@id":"https:\/\/nysida.beliva.se\/#website"},"datePublished":"2023-07-29T08:48:47+00:00","dateModified":"2023-08-25T09:51:29+00:00","description":"\u200bGrunden f\u00f6r all coaching \u00e4r att jag som coach lyssnar och fr\u00e5gar, och utmanar dig till handling och l\u00e4rande","breadcrumb":{"@id":"https:\/\/nysida.beliva.se\/om-coaching\/#breadcrumb"},"inLanguage":"en-US","potentialAction":[{"@type":"ReadAction","target":["https:\/\/nysida.beliva.se\/om-coaching\/"]}]},{"@type":"BreadcrumbList","@id":"https:\/\/nysida.beliva.se\/om-coaching\/#breadcrumb","itemListElement":[{"@type":"ListItem","position":1,"name":"Hem","item":"https:\/\/nysida.beliva.se\/"},{"@type":"ListItem","position":2,"name":"Om coaching"}]},{"@type":"WebSite","@id":"https:\/\/nysida.beliva.se\/#website","url":"https:\/\/nysida.beliva.se\/","name":"Beliva","description":"","publisher":{"@id":"https:\/\/nysida.beliva.se\/#organization"},"potentialAction":[{"@type":"SearchAction","target":{"@type":"EntryPoint","urlTemplate":"https:\/\/nysida.beliva.se\/?s={search_term_string}"},"query-input":{"@type":"PropertyValueSpecification","valueRequired":true,"valueName":"search_term_string"}}],"inLanguage":"en-US"},{"@type":"Organization","@id":"https:\/\/nysida.beliva.se\/#organization","name":"Beliva","url":"https:\/\/nysida.beliva.se\/","logo":{"@type":"ImageObject","inLanguage":"en-US","@id":"https:\/\/nysida.beliva.se\/#\/schema\/logo\/image\/","url":"https:\/\/mlxqgjifrh8c.i.optimole.com\/cb:Obny.c042\/w:auto\/h:auto\/q:mauto\/f:best\/https:\/\/nysida.beliva.se\/wp-content\/uploads\/2023\/06\/beliva-logo-namn.png","contentUrl":"https:\/\/mlxqgjifrh8c.i.optimole.com\/cb:Obny.c042\/w:auto\/h:auto\/q:mauto\/f:best\/https:\/\/nysida.beliva.se\/wp-content\/uploads\/2023\/06\/beliva-logo-namn.png","width":199,"height":100,"caption":"Beliva"},"image":{"@id":"https:\/\/nysida.beliva.se\/#\/schema\/logo\/image\/"},"sameAs":["https:\/\/www.facebook.com\/beliva.se\/","https:\/\/www.instagram.com\/beliva.se\/"]}]}},"_links":{"self":[{"href":"https:\/\/nysida.beliva.se\/en\/wp-json\/wp\/v2\/pages\/1347","targetHints":{"allow":["GET"]}}],"collection":[{"href":"https:\/\/nysida.beliva.se\/en\/wp-json\/wp\/v2\/pages"}],"about":[{"href":"https:\/\/nysida.beliva.se\/en\/wp-json\/wp\/v2\/types\/page"}],"author":[{"embeddable":true,"href":"https:\/\/nysida.beliva.se\/en\/wp-json\/wp\/v2\/users\/1"}],"replies":[{"embeddable":true,"href":"https:\/\/nysida.beliva.se\/en\/wp-json\/wp\/v2\/comments?post=1347"}],"version-history":[{"count":43,"href":"https:\/\/nysida.beliva.se\/en\/wp-json\/wp\/v2\/pages\/1347\/revisions"}],"predecessor-version":[{"id":2562,"href":"https:\/\/nysida.beliva.se\/en\/wp-json\/wp\/v2\/pages\/1347\/revisions\/2562"}],"wp:attachment":[{"href":"https:\/\/nysida.beliva.se\/en\/wp-json\/wp\/v2\/media?parent=1347"}],"curies":[{"name":"wp","href":"https:\/\/api.w.org\/{rel}","templated":true}]}}