{"id":1265,"date":"2023-07-28T14:30:48","date_gmt":"2023-07-28T14:30:48","guid":{"rendered":"https:\/\/nysida.beliva.se\/?page_id=1265"},"modified":"2023-08-25T09:54:21","modified_gmt":"2023-08-25T09:54:21","slug":"enskilda-samtal","status":"publish","type":"page","link":"https:\/\/nysida.beliva.se\/en\/enskilda-samtal\/","title":{"rendered":"Individual counseling"},"content":{"rendered":"<div data-elementor-type=\"wp-page\" data-elementor-id=\"1265\" class=\"elementor elementor-1265\" data-elementor-post-type=\"page\">\n\t\t\t\t\t\t<section class=\"elementor-section elementor-top-section elementor-element elementor-element-766b4dcd elementor-section-full_width elementor-section-height-min-height elementor-section-items-stretch elementor-section-content-bottom elementor-section-height-default\" data-id=\"766b4dcd\" data-element_type=\"section\" data-e-type=\"section\">\n\t\t\t\t\t\t<div class=\"elementor-container elementor-column-gap-no\">\n\t\t\t\t\t<div class=\"elementor-column elementor-col-100 elementor-top-column elementor-element elementor-element-78c0e287\" data-id=\"78c0e287\" data-element_type=\"column\" data-e-type=\"column\" data-settings=\"{&quot;background_background&quot;:&quot;classic&quot;}\">\n\t\t\t<div class=\"elementor-widget-wrap elementor-element-populated\">\n\t\t\t\t\t\t<div class=\"elementor-element elementor-element-6d835ce4 elementor-widget elementor-widget-heading\" data-id=\"6d835ce4\" data-element_type=\"widget\" data-e-type=\"widget\" data-widget_type=\"heading.default\">\n\t\t\t\t<div class=\"elementor-widget-container\">\n\t\t\t\t\t<h2 class=\"elementor-heading-title elementor-size-default\">Individual counseling<\/h2>\t\t\t\t<\/div>\n\t\t\t\t<\/div>\n\t\t\t\t<div class=\"elementor-element elementor-element-3f47ee07 elementor-hidden-desktop elementor-view-default elementor-widget elementor-widget-icon\" data-id=\"3f47ee07\" data-element_type=\"widget\" data-e-type=\"widget\" data-widget_type=\"icon.default\">\n\t\t\t\t<div class=\"elementor-widget-container\">\n\t\t\t\t\t\t\t<div class=\"elementor-icon-wrapper\">\n\t\t\t<a class=\"elementor-icon\" href=\"#elementor-action%3Aaction%3Dpopup%3Aopen%26settings%3DeyJpZCI6IjE3NDEiLCJ0b2dnbGUiOmZhbHNlfQ%3D%3D\">\n\t\t\t<i aria-hidden=\"true\" class=\"icon icon-burger-menu\"><\/i>\t\t\t<\/a>\n\t\t<\/div>\n\t\t\t\t\t\t<\/div>\n\t\t\t\t<\/div>\n\t\t\t\t<div class=\"elementor-element elementor-element-7f445d62 elementor-nav-menu__align-center elementor-hidden-tablet elementor-hidden-mobile elementor-nav-menu--dropdown-tablet elementor-nav-menu__text-align-aside elementor-nav-menu--toggle elementor-nav-menu--burger elementor-widget elementor-widget-nav-menu\" data-id=\"7f445d62\" data-element_type=\"widget\" data-e-type=\"widget\" data-settings=\"{&quot;layout&quot;:&quot;horizontal&quot;,&quot;submenu_icon&quot;:{&quot;value&quot;:&quot;&lt;i class=\\&quot;fas fa-caret-down\\&quot; aria-hidden=\\&quot;true\\&quot;&gt;&lt;\\\/i&gt;&quot;,&quot;library&quot;:&quot;fa-solid&quot;},&quot;toggle&quot;:&quot;burger&quot;}\" data-widget_type=\"nav-menu.default\">\n\t\t\t\t<div class=\"elementor-widget-container\">\n\t\t\t\t\t\t\t\t<nav aria-label=\"Menu\" class=\"elementor-nav-menu--main elementor-nav-menu__container elementor-nav-menu--layout-horizontal e--pointer-underline e--animation-fade\">\n\t\t\t\t<ul id=\"menu-1-7f445d62\" class=\"elementor-nav-menu\"><li class=\"menu-item menu-item-type-post_type menu-item-object-page menu-item-1367\"><a href=\"https:\/\/nysida.beliva.se\/en\/lillemor-ivansson\/\" class=\"elementor-item\">About me<\/a><\/li>\n<li class=\"menu-item menu-item-type-custom menu-item-object-custom menu-item-has-children menu-item-1368\"><a href=\"#\" class=\"elementor-item elementor-item-anchor\">Services<\/a>\n<ul class=\"sub-menu elementor-nav-menu--dropdown\">\n\t<li class=\"menu-item menu-item-type-post_type menu-item-object-page menu-item-1366\"><a href=\"https:\/\/nysida.beliva.se\/en\/enskilda-samtal\/\" class=\"elementor-sub-item\">Individual counseling<\/a><\/li>\n\t<li class=\"menu-item menu-item-type-post_type menu-item-object-page menu-item-1365\"><a href=\"https:\/\/nysida.beliva.se\/en\/par\/\" class=\"elementor-sub-item\">Couples<\/a><\/li>\n<\/ul>\n<\/li>\n<li class=\"menu-item menu-item-type-post_type menu-item-object-page menu-item-1364\"><a href=\"https:\/\/nysida.beliva.se\/en\/om-coaching\/\" class=\"elementor-item\">About coaching<\/a><\/li>\n<li class=\"menu-item menu-item-type-post_type menu-item-object-page menu-item-1363\"><a href=\"https:\/\/nysida.beliva.se\/en\/nar-passar-cocahing\/\" class=\"elementor-item\">When is coaching appropriate?<\/a><\/li>\n<li class=\"menu-item menu-item-type-post_type menu-item-object-page menu-item-1362\"><a href=\"https:\/\/nysida.beliva.se\/en\/om-beliva\/\" class=\"elementor-item\">About Beliva<\/a><\/li>\n<\/ul>\t\t\t<\/nav>\n\t\t\t\t\t<div class=\"elementor-menu-toggle\" role=\"button\" tabindex=\"0\" aria-label=\"Menu Toggle\" aria-expanded=\"false\">\n\t\t\t<i aria-hidden=\"true\" role=\"presentation\" class=\"elementor-menu-toggle__icon--open eicon-menu-bar\"><\/i><i aria-hidden=\"true\" role=\"presentation\" class=\"elementor-menu-toggle__icon--close eicon-close\"><\/i>\t\t<\/div>\n\t\t\t\t\t<nav class=\"elementor-nav-menu--dropdown elementor-nav-menu__container\" aria-hidden=\"true\">\n\t\t\t\t<ul id=\"menu-2-7f445d62\" class=\"elementor-nav-menu\"><li class=\"menu-item menu-item-type-post_type menu-item-object-page menu-item-1367\"><a href=\"https:\/\/nysida.beliva.se\/en\/lillemor-ivansson\/\" class=\"elementor-item\" tabindex=\"-1\">About me<\/a><\/li>\n<li class=\"menu-item menu-item-type-custom menu-item-object-custom menu-item-has-children menu-item-1368\"><a href=\"#\" class=\"elementor-item elementor-item-anchor\" tabindex=\"-1\">Services<\/a>\n<ul class=\"sub-menu elementor-nav-menu--dropdown\">\n\t<li class=\"menu-item menu-item-type-post_type menu-item-object-page menu-item-1366\"><a href=\"https:\/\/nysida.beliva.se\/en\/enskilda-samtal\/\" class=\"elementor-sub-item\" tabindex=\"-1\">Individual counseling<\/a><\/li>\n\t<li class=\"menu-item menu-item-type-post_type menu-item-object-page menu-item-1365\"><a href=\"https:\/\/nysida.beliva.se\/en\/par\/\" class=\"elementor-sub-item\" tabindex=\"-1\">Couples<\/a><\/li>\n<\/ul>\n<\/li>\n<li class=\"menu-item menu-item-type-post_type menu-item-object-page menu-item-1364\"><a href=\"https:\/\/nysida.beliva.se\/en\/om-coaching\/\" class=\"elementor-item\" tabindex=\"-1\">About coaching<\/a><\/li>\n<li class=\"menu-item menu-item-type-post_type menu-item-object-page menu-item-1363\"><a href=\"https:\/\/nysida.beliva.se\/en\/nar-passar-cocahing\/\" class=\"elementor-item\" tabindex=\"-1\">When is coaching appropriate?<\/a><\/li>\n<li class=\"menu-item menu-item-type-post_type menu-item-object-page menu-item-1362\"><a href=\"https:\/\/nysida.beliva.se\/en\/om-beliva\/\" class=\"elementor-item\" tabindex=\"-1\">About Beliva<\/a><\/li>\n<\/ul>\t\t\t<\/nav>\n\t\t\t\t\t\t<\/div>\n\t\t\t\t<\/div>\n\t\t\t\t\t<\/div>\n\t\t<\/div>\n\t\t\t\t\t<\/div>\n\t\t<\/section>\n\t\t\t\t<section class=\"elementor-section elementor-top-section elementor-element elementor-element-93292bb elementor-section-boxed elementor-section-height-default elementor-section-height-default elementor-invisible\" data-id=\"93292bb\" data-element_type=\"section\" data-e-type=\"section\" data-settings=\"{&quot;animation&quot;:&quot;fadeInUp&quot;}\">\n\t\t\t\t\t\t<div class=\"elementor-container elementor-column-gap-default\">\n\t\t\t\t\t<div class=\"elementor-column elementor-col-100 elementor-top-column elementor-element elementor-element-e353534\" data-id=\"e353534\" data-element_type=\"column\" data-e-type=\"column\">\n\t\t\t<div class=\"elementor-widget-wrap elementor-element-populated\">\n\t\t\t\t\t\t<div class=\"elementor-element elementor-element-1e79a2b elementor-widget elementor-widget-heading\" data-id=\"1e79a2b\" data-element_type=\"widget\" data-e-type=\"widget\" data-widget_type=\"heading.default\">\n\t\t\t\t<div class=\"elementor-widget-container\">\n\t\t\t\t\t<h2 class=\"elementor-heading-title elementor-size-default\">Beredd att ta n\u00e4sta steg?<\/h2>\t\t\t\t<\/div>\n\t\t\t\t<\/div>\n\t\t\t\t<div class=\"elementor-element elementor-element-a3c1509 elementor-widget elementor-widget-text-editor\" data-id=\"a3c1509\" data-element_type=\"widget\" data-e-type=\"widget\" data-widget_type=\"text-editor.default\">\n\t\t\t\t<div class=\"elementor-widget-container\">\n\t\t\t\t\t\t\t\t\t<p>Beh\u00f6ver du hj\u00e4lp att s\u00e4tta tydliga m\u00e5l och st\u00f6ttning f\u00f6r att n\u00e5 dem?\u00a0 Beh\u00f6ver du bryta invanda m\u00f6nster och negativa tankar? Har du kommit till ett hinder som k\u00e4nns \u00f6verm\u00e4ktigt att ta sig \u00f6ver? D\u00e5 kan det vara coaching som hj\u00e4lper dig vidare, och jag skulle g\u00e4rna vara den som utmanar och inspirerar dig.<\/p>\t\t\t\t\t\t\t\t<\/div>\n\t\t\t\t<\/div>\n\t\t\t\t<div class=\"elementor-element elementor-element-a31df34 elementor-widget elementor-widget-text-editor\" data-id=\"a31df34\" data-element_type=\"widget\" data-e-type=\"widget\" data-widget_type=\"text-editor.default\">\n\t\t\t\t<div class=\"elementor-widget-container\">\n\t\t\t\t\t\t\t\t\t<p><strong><span class=\"black\">Coachande samtal kan hj\u00e4lpa dig att:<\/span><\/strong><\/p>\t\t\t\t\t\t\t\t<\/div>\n\t\t\t\t<\/div>\n\t\t\t\t<div class=\"elementor-element elementor-element-5676376 elementor-icon-list--layout-traditional elementor-list-item-link-full_width elementor-widget elementor-widget-icon-list\" data-id=\"5676376\" data-element_type=\"widget\" data-e-type=\"widget\" data-widget_type=\"icon-list.default\">\n\t\t\t\t<div class=\"elementor-widget-container\">\n\t\t\t\t\t\t\t<ul class=\"elementor-icon-list-items\">\n\t\t\t\t\t\t\t<li class=\"elementor-icon-list-item\">\n\t\t\t\t\t\t\t\t\t\t\t<span class=\"elementor-icon-list-icon\">\n\t\t\t\t\t\t\t<i aria-hidden=\"true\" class=\"far fa-circle\"><\/i>\t\t\t\t\t\t<\/span>\n\t\t\t\t\t\t\t\t\t\t<span class=\"elementor-icon-list-text\">S\u00e4tta m\u00e5l och skapa resultat<\/span>\n\t\t\t\t\t\t\t\t\t<\/li>\n\t\t\t\t\t\t\t\t<li class=\"elementor-icon-list-item\">\n\t\t\t\t\t\t\t\t\t\t\t<span class=\"elementor-icon-list-icon\">\n\t\t\t\t\t\t\t<i aria-hidden=\"true\" class=\"far fa-circle\"><\/i>\t\t\t\t\t\t<\/span>\n\t\t\t\t\t\t\t\t\t\t<span class=\"elementor-icon-list-text\">Ers\u00e4tta begr\u00e4nsingar med m\u00f6jligheter<\/span>\n\t\t\t\t\t\t\t\t\t<\/li>\n\t\t\t\t\t\t\t\t<li class=\"elementor-icon-list-item\">\n\t\t\t\t\t\t\t\t\t\t\t<span class=\"elementor-icon-list-icon\">\n\t\t\t\t\t\t\t<i aria-hidden=\"true\" class=\"far fa-circle\"><\/i>\t\t\t\t\t\t<\/span>\n\t\t\t\t\t\t\t\t\t\t<span class=\"elementor-icon-list-text\">V\u00e5ga mer och \u00f6vervinna r\u00e4dslor<\/span>\n\t\t\t\t\t\t\t\t\t<\/li>\n\t\t\t\t\t\t\t\t<li class=\"elementor-icon-list-item\">\n\t\t\t\t\t\t\t\t\t\t\t<span class=\"elementor-icon-list-icon\">\n\t\t\t\t\t\t\t<i aria-hidden=\"true\" class=\"far fa-circle\"><\/i>\t\t\t\t\t\t<\/span>\n\t\t\t\t\t\t\t\t\t\t<span class=\"elementor-icon-list-text\">Ge \u00f6kad sj\u00e4lvinsikt och uppt\u00e4cka dina dr\u00f6mmar<\/span>\n\t\t\t\t\t\t\t\t\t<\/li>\n\t\t\t\t\t\t<\/ul>\n\t\t\t\t\t\t<\/div>\n\t\t\t\t<\/div>\n\t\t\t\t<div class=\"elementor-element elementor-element-684654b elementor-widget elementor-widget-text-editor\" data-id=\"684654b\" data-element_type=\"widget\" data-e-type=\"widget\" data-widget_type=\"text-editor.default\">\n\t\t\t\t<div class=\"elementor-widget-container\">\n\t\t\t\t\t\t\t\t\t<p><br \/>Att jobba med sig sj\u00e4lv p\u00e5 det h\u00e4r s\u00e4ttet, \u00e4r en sp\u00e4nnande resa d\u00e4r problem kan \u00f6vervinnas,<br \/>och m\u00e5l n\u00e5s,\u00a0som tidigare k\u00e4ndes on\u00e5bara.<br \/><br \/><strong><span class=\"black\">S\u00e5 l\u00e4gger vi upp det<\/span><\/strong><br \/>F\u00f6r att m\u00f6jligg\u00f6ra varaktig f\u00f6r\u00e4ndring s\u00e5 tr\u00e4ffas vi minst 4 g\u00e5nger, d\u00e4r varje g\u00e5ng \u00e4r 60-90 minuter.<br \/>Det finns \u00e4ven program p\u00e5 6 och 8 tillf\u00e4llen, eller ett uppl\u00e4gg som str\u00e4cker sig \u00f6ver en l\u00e4ngre tid.<br \/>Om vi p\u00e5 grund av avst\u00e5nd eller n\u00e5gon annan anledning inte kan ses p\u00e5 samma plats, s\u00e5 g\u00e5r det bra att ha samtalen digitalt.<br \/><br \/><strong><span class=\"black\">F\u00f6rsta samtalet<\/span><\/strong><br \/>Innan v\u00e5rt f\u00f6rsta samtal f\u00e5r du ett mail med ett livshjul som du fyller i, samt n\u00e5gra fr\u00e5gor kring dina v\u00e4rderingar, som du svarar p\u00e5. Under v\u00e5rt f\u00f6rsta samtal s\u00e4tter vi \u00f6vergripande m\u00e5l, l\u00e4r k\u00e4nna varandra och designar programmet f\u00f6r dig. Under de \u00f6vriga samtalen arbetar vi med det som \u00e4r aktuellt f\u00f6r dig och hela tiden i riktning mot m\u00e5let, samtidigt som vi utforskar v\u00e4rderingar, hinder, m\u00f6jligheter och styrkor.<br \/><br \/>\u200bVid sista samtalet bef\u00e4ster det vi arbetat med, utv\u00e4rderar och f\u00f6ljer upp.<\/p>\t\t\t\t\t\t\t\t<\/div>\n\t\t\t\t<\/div>\n\t\t\t\t<section class=\"elementor-section elementor-inner-section elementor-element elementor-element-27d3ed5 Lillemor knapp elementor-section-boxed elementor-section-height-default elementor-section-height-default\" data-id=\"27d3ed5\" data-element_type=\"section\" data-e-type=\"section\" id=\"Lillemor knapp\">\n\t\t\t\t\t\t<div class=\"elementor-container elementor-column-gap-default\">\n\t\t\t\t\t<div class=\"elementor-column elementor-col-100 elementor-inner-column elementor-element elementor-element-cc4cc4d\" data-id=\"cc4cc4d\" data-element_type=\"column\" data-e-type=\"column\" data-settings=\"{&quot;background_background&quot;:&quot;classic&quot;}\">\n\t\t\t<div class=\"elementor-widget-wrap elementor-element-populated\">\n\t\t\t\t\t\t<div class=\"elementor-element elementor-element-1170f6be elementor-widget elementor-widget-heading\" data-id=\"1170f6be\" data-element_type=\"widget\" data-e-type=\"widget\" data-widget_type=\"heading.default\">\n\t\t\t\t<div class=\"elementor-widget-container\">\n\t\t\t\t\t<h2 class=\"elementor-heading-title elementor-size-default\"><a href=\"#elementor-action%3Aaction%3Dpopup%3Aopen%26settings%3DeyJpZCI6IjE4NTkiLCJ0b2dnbGUiOmZhbHNlfQ%3D%3D\">H\u00e4r tar du kontakt<\/a><\/h2>\t\t\t\t<\/div>\n\t\t\t\t<\/div>\n\t\t\t\t\t<\/div>\n\t\t<\/div>\n\t\t\t\t\t<\/div>\n\t\t<\/section>\n\t\t\t\t\t<\/div>\n\t\t<\/div>\n\t\t\t\t\t<\/div>\n\t\t<\/section>\n\t\t\t\t<section class=\"elementor-section elementor-top-section elementor-element elementor-element-8e0f705 elementor-section-boxed elementor-section-height-default elementor-section-height-default\" data-id=\"8e0f705\" data-element_type=\"section\" data-e-type=\"section\">\n\t\t\t\t\t\t<div class=\"elementor-container elementor-column-gap-default\">\n\t\t\t\t\t<div class=\"elementor-column elementor-col-100 elementor-top-column elementor-element elementor-element-62072d6\" data-id=\"62072d6\" data-element_type=\"column\" data-e-type=\"column\">\n\t\t\t<div class=\"elementor-widget-wrap\">\n\t\t\t\t\t\t\t<\/div>\n\t\t<\/div>\n\t\t\t\t\t<\/div>\n\t\t<\/section>\n\t\t\t\t<\/div>","protected":false},"excerpt":{"rendered":"<p>Enskilda samtal Beredd att ta n\u00e4sta steg? Beh\u00f6ver du hj\u00e4lp att s\u00e4tta tydliga m\u00e5l och st\u00f6ttning f\u00f6r att n\u00e5 dem?\u00a0 Beh\u00f6ver du bryta invanda m\u00f6nster och negativa tankar? Har du kommit till ett hinder som k\u00e4nns \u00f6verm\u00e4ktigt att ta sig \u00f6ver? D\u00e5 kan det vara coaching som hj\u00e4lper dig vidare, och jag skulle g\u00e4rna vara [&hellip;]<\/p>\n","protected":false},"author":1,"featured_media":0,"parent":0,"menu_order":0,"comment_status":"closed","ping_status":"closed","template":"","meta":{"footnotes":""},"class_list":["post-1265","page","type-page","status-publish","hentry"],"yoast_head":"<!-- This site is optimized with the Yoast SEO plugin v27.3 - https:\/\/yoast.com\/product\/yoast-seo-wordpress\/ -->\n<title>Enskilda samtal - Beliva<\/title>\n<meta name=\"description\" content=\"Beh\u00f6ver du hj\u00e4lp att s\u00e4tta tydliga m\u00e5l, eller bryta invanda m\u00f6nster? D\u00e5 kan det vara enskilda samtal av coaching som hj\u00e4lper dig vidare.\" \/>\n<meta name=\"robots\" content=\"noindex, follow, max-snippet:-1, max-image-preview:large, max-video-preview:-1\" \/>\n<meta property=\"og:locale\" content=\"en_US\" \/>\n<meta property=\"og:type\" content=\"article\" \/>\n<meta property=\"og:title\" content=\"Enskilda samtal - Beliva\" \/>\n<meta property=\"og:description\" content=\"Beh\u00f6ver du hj\u00e4lp att s\u00e4tta tydliga m\u00e5l, eller bryta invanda m\u00f6nster? D\u00e5 kan det vara enskilda samtal av coaching som hj\u00e4lper dig vidare.\" \/>\n<meta property=\"og:url\" content=\"https:\/\/nysida.beliva.se\/en\/enskilda-samtal\/\" \/>\n<meta property=\"og:site_name\" content=\"Beliva\" \/>\n<meta property=\"article:publisher\" content=\"https:\/\/www.facebook.com\/beliva.se\/\" \/>\n<meta property=\"article:modified_time\" content=\"2023-08-25T09:54:21+00:00\" \/>\n<meta name=\"twitter:card\" content=\"summary_large_image\" \/>\n<meta name=\"twitter:label1\" content=\"Est. reading time\" \/>\n\t<meta name=\"twitter:data1\" content=\"2 minutes\" \/>\n<script type=\"application\/ld+json\" class=\"yoast-schema-graph\">{\"@context\":\"https:\\\/\\\/schema.org\",\"@graph\":[{\"@type\":\"WebPage\",\"@id\":\"https:\\\/\\\/nysida.beliva.se\\\/enskilda-samtal\\\/\",\"url\":\"https:\\\/\\\/nysida.beliva.se\\\/enskilda-samtal\\\/\",\"name\":\"Enskilda samtal - Beliva\",\"isPartOf\":{\"@id\":\"https:\\\/\\\/nysida.beliva.se\\\/#website\"},\"datePublished\":\"2023-07-28T14:30:48+00:00\",\"dateModified\":\"2023-08-25T09:54:21+00:00\",\"description\":\"Beh\u00f6ver du hj\u00e4lp att s\u00e4tta tydliga m\u00e5l, eller bryta invanda m\u00f6nster? D\u00e5 kan det vara enskilda samtal av coaching som hj\u00e4lper dig vidare.\",\"breadcrumb\":{\"@id\":\"https:\\\/\\\/nysida.beliva.se\\\/enskilda-samtal\\\/#breadcrumb\"},\"inLanguage\":\"en-US\",\"potentialAction\":[{\"@type\":\"ReadAction\",\"target\":[\"https:\\\/\\\/nysida.beliva.se\\\/enskilda-samtal\\\/\"]}]},{\"@type\":\"BreadcrumbList\",\"@id\":\"https:\\\/\\\/nysida.beliva.se\\\/enskilda-samtal\\\/#breadcrumb\",\"itemListElement\":[{\"@type\":\"ListItem\",\"position\":1,\"name\":\"Hem\",\"item\":\"https:\\\/\\\/nysida.beliva.se\\\/\"},{\"@type\":\"ListItem\",\"position\":2,\"name\":\"Enskilda samtal\"}]},{\"@type\":\"WebSite\",\"@id\":\"https:\\\/\\\/nysida.beliva.se\\\/#website\",\"url\":\"https:\\\/\\\/nysida.beliva.se\\\/\",\"name\":\"Beliva\",\"description\":\"\",\"publisher\":{\"@id\":\"https:\\\/\\\/nysida.beliva.se\\\/#organization\"},\"potentialAction\":[{\"@type\":\"SearchAction\",\"target\":{\"@type\":\"EntryPoint\",\"urlTemplate\":\"https:\\\/\\\/nysida.beliva.se\\\/?s={search_term_string}\"},\"query-input\":{\"@type\":\"PropertyValueSpecification\",\"valueRequired\":true,\"valueName\":\"search_term_string\"}}],\"inLanguage\":\"en-US\"},{\"@type\":\"Organization\",\"@id\":\"https:\\\/\\\/nysida.beliva.se\\\/#organization\",\"name\":\"Beliva\",\"url\":\"https:\\\/\\\/nysida.beliva.se\\\/\",\"logo\":{\"@type\":\"ImageObject\",\"inLanguage\":\"en-US\",\"@id\":\"https:\\\/\\\/nysida.beliva.se\\\/#\\\/schema\\\/logo\\\/image\\\/\",\"url\":\"https:\\/\\/nysida.beliva.se\\/wp-content\\/uploads\\/2023\\/06\\/beliva-logo-namn.png\",\"contentUrl\":\"https:\\/\\/nysida.beliva.se\\/wp-content\\/uploads\\/2023\\/06\\/beliva-logo-namn.png\",\"width\":199,\"height\":100,\"caption\":\"Beliva\"},\"image\":{\"@id\":\"https:\\\/\\\/nysida.beliva.se\\\/#\\\/schema\\\/logo\\\/image\\\/\"},\"sameAs\":[\"https:\\\/\\\/www.facebook.com\\\/beliva.se\\\/\",\"https:\\\/\\\/www.instagram.com\\\/beliva.se\\\/\"]}]}<\/script>\n<!-- \/ Yoast SEO plugin. -->","yoast_head_json":{"title":"Enskilda samtal - Beliva","description":"Beh\u00f6ver du hj\u00e4lp att s\u00e4tta tydliga m\u00e5l, eller bryta invanda m\u00f6nster? D\u00e5 kan det vara enskilda samtal av coaching som hj\u00e4lper dig vidare.","robots":{"index":"noindex","follow":"follow","max-snippet":"max-snippet:-1","max-image-preview":"max-image-preview:large","max-video-preview":"max-video-preview:-1"},"og_locale":"en_US","og_type":"article","og_title":"Enskilda samtal - Beliva","og_description":"Beh\u00f6ver du hj\u00e4lp att s\u00e4tta tydliga m\u00e5l, eller bryta invanda m\u00f6nster? D\u00e5 kan det vara enskilda samtal av coaching som hj\u00e4lper dig vidare.","og_url":"https:\/\/nysida.beliva.se\/en\/enskilda-samtal\/","og_site_name":"Beliva","article_publisher":"https:\/\/www.facebook.com\/beliva.se\/","article_modified_time":"2023-08-25T09:54:21+00:00","twitter_card":"summary_large_image","twitter_misc":{"Est. reading time":"2 minutes"},"schema":{"@context":"https:\/\/schema.org","@graph":[{"@type":"WebPage","@id":"https:\/\/nysida.beliva.se\/enskilda-samtal\/","url":"https:\/\/nysida.beliva.se\/enskilda-samtal\/","name":"Enskilda samtal - Beliva","isPartOf":{"@id":"https:\/\/nysida.beliva.se\/#website"},"datePublished":"2023-07-28T14:30:48+00:00","dateModified":"2023-08-25T09:54:21+00:00","description":"Beh\u00f6ver du hj\u00e4lp att s\u00e4tta tydliga m\u00e5l, eller bryta invanda m\u00f6nster? D\u00e5 kan det vara enskilda samtal av coaching som hj\u00e4lper dig vidare.","breadcrumb":{"@id":"https:\/\/nysida.beliva.se\/enskilda-samtal\/#breadcrumb"},"inLanguage":"en-US","potentialAction":[{"@type":"ReadAction","target":["https:\/\/nysida.beliva.se\/enskilda-samtal\/"]}]},{"@type":"BreadcrumbList","@id":"https:\/\/nysida.beliva.se\/enskilda-samtal\/#breadcrumb","itemListElement":[{"@type":"ListItem","position":1,"name":"Hem","item":"https:\/\/nysida.beliva.se\/"},{"@type":"ListItem","position":2,"name":"Enskilda samtal"}]},{"@type":"WebSite","@id":"https:\/\/nysida.beliva.se\/#website","url":"https:\/\/nysida.beliva.se\/","name":"Beliva","description":"","publisher":{"@id":"https:\/\/nysida.beliva.se\/#organization"},"potentialAction":[{"@type":"SearchAction","target":{"@type":"EntryPoint","urlTemplate":"https:\/\/nysida.beliva.se\/?s={search_term_string}"},"query-input":{"@type":"PropertyValueSpecification","valueRequired":true,"valueName":"search_term_string"}}],"inLanguage":"en-US"},{"@type":"Organization","@id":"https:\/\/nysida.beliva.se\/#organization","name":"Beliva","url":"https:\/\/nysida.beliva.se\/","logo":{"@type":"ImageObject","inLanguage":"en-US","@id":"https:\/\/nysida.beliva.se\/#\/schema\/logo\/image\/","url":"https:\/\/mlxqgjifrh8c.i.optimole.com\/cb:Obny.c042\/w:auto\/h:auto\/q:mauto\/f:best\/https:\/\/nysida.beliva.se\/wp-content\/uploads\/2023\/06\/beliva-logo-namn.png","contentUrl":"https:\/\/mlxqgjifrh8c.i.optimole.com\/cb:Obny.c042\/w:auto\/h:auto\/q:mauto\/f:best\/https:\/\/nysida.beliva.se\/wp-content\/uploads\/2023\/06\/beliva-logo-namn.png","width":199,"height":100,"caption":"Beliva"},"image":{"@id":"https:\/\/nysida.beliva.se\/#\/schema\/logo\/image\/"},"sameAs":["https:\/\/www.facebook.com\/beliva.se\/","https:\/\/www.instagram.com\/beliva.se\/"]}]}},"_links":{"self":[{"href":"https:\/\/nysida.beliva.se\/en\/wp-json\/wp\/v2\/pages\/1265","targetHints":{"allow":["GET"]}}],"collection":[{"href":"https:\/\/nysida.beliva.se\/en\/wp-json\/wp\/v2\/pages"}],"about":[{"href":"https:\/\/nysida.beliva.se\/en\/wp-json\/wp\/v2\/types\/page"}],"author":[{"embeddable":true,"href":"https:\/\/nysida.beliva.se\/en\/wp-json\/wp\/v2\/users\/1"}],"replies":[{"embeddable":true,"href":"https:\/\/nysida.beliva.se\/en\/wp-json\/wp\/v2\/comments?post=1265"}],"version-history":[{"count":182,"href":"https:\/\/nysida.beliva.se\/en\/wp-json\/wp\/v2\/pages\/1265\/revisions"}],"predecessor-version":[{"id":2571,"href":"https:\/\/nysida.beliva.se\/en\/wp-json\/wp\/v2\/pages\/1265\/revisions\/2571"}],"wp:attachment":[{"href":"https:\/\/nysida.beliva.se\/en\/wp-json\/wp\/v2\/media?parent=1265"}],"curies":[{"name":"wp","href":"https:\/\/api.w.org\/{rel}","templated":true}]}}